{"id":4393,"date":"2025-01-24T11:22:50","date_gmt":"2025-01-24T10:22:50","guid":{"rendered":"https:\/\/go-hurghada.net\/wann-reisen-sie-nach-hurghada\/"},"modified":"2025-03-26T14:36:04","modified_gmt":"2025-03-26T13:36:04","slug":"wann-beste-reisezeit-hurghada","status":"publish","type":"page","link":"https:\/\/go-hurghada.net\/de\/wann-beste-reisezeit-hurghada\/","title":{"rendered":"Wann ist die beste Reisezeit f\u00fcr Hurghada?"},"content":{"rendered":"<div class=\"gb-container gb-container-347a39b1 kbanner alignfull\"><div class=\"gb-inside-container\">\n<div class=\"gb-container gb-container-1fc1c60a container_kbanner_title\">\n\n<h1 class=\"wp-block-heading\">Wann ist die beste Reisezeit f\u00fcr Hurghada?<\/h1>\n\n<\/div>\n<\/div><\/div>\n\n<div class=\"gb-container gb-container-2005c625 ksection\"><div class=\"gb-inside-container\">\n\n<p>Der Badeort <a href=\"\/de\/\">Hurghada<\/a>, der in \u00c4gypten am Roten Meer liegt, ist f\u00fcr sein <strong>sonniges Klima<\/strong> bekannt. Das Wetter ist das ganze Jahr \u00fcber sch\u00f6n und warm, ideal f\u00fcr einen angenehmen Aufenthalt am Meer. Aber bevor Sie Ihre Reise planen, sollten Sie <strong>wissen, wann <\/strong>ist die beste Reisezeit f\u00fcr Hurghada.<\/p>\n\n\n\n<p>Anhand der Saisonalit\u00e4t, des Wetters, der Touristenstr\u00f6me und der touristischen Ereignisse, die den Rhythmus des lokalen Lebens bestimmen, werden wir Ihnen alle <strong>wesentlichen Informationen<\/strong> geben, die Sie vor der Buchung Ihres Flugtickets kennen sollten.<\/p>\n\n\n<div class=\"gb-container gb-container-8a37d1fb ktoc_container\">\n\n\n<\/div>\n\n\n<h2 class=\"wp-block-heading\">Sonnenschein und Temperaturen<\/h2>\n\n\n\n<p>Das Klima ist subtropisch und w\u00fcstenartig, d.h. mit milden Wintern und hei\u00dfen Sommern. Die <strong>Temperaturen sind hoch<\/strong> und reichen von 20\u00b0 C im Winter bis zu 37\u00b0 C im Sommer. <\/p>\n\n\n\n<p>Die Spitzenhitze kann im Juli und August bis zu 40\u00b0 C betragen. Das trockene Klima kann in der prallen Sonne schnell schw\u00fcl werden. Wenn Sie sich f\u00fcr einen Ausflug nach Luxor, einer Stadt weiter im Landesinneren, entscheiden, wird es in dieser Zeit extrem hei\u00df.    <\/p>\n\n\n\n<p>Was die Hitze ertr\u00e4glicher macht, ist die <strong>Luftfeuchtigkeit<\/strong>, die in der feuchtesten Zeit zwischen 15% und 30% schwankt, insbesondere im Juli und August. Um Ihnen eine Vorstellung zu geben: In Frankreich liegt die Luftfeuchtigkeit bei 70%. Es ist also sehr hei\u00df in Hurghada, aber die Luft ist ertr\u00e4glich und man schwitzt wenig.  <\/p>\n\n\n\n<figure class=\"wp-block-gallery has-nested-images columns-default is-cropped wp-block-gallery-1 is-layout-flex wp-block-gallery-is-layout-flex\">\n<figure class=\"wp-block-image size-full\"><img loading=\"lazy\" decoding=\"async\" width=\"1200\" height=\"800\" data-id=\"1008\" src=\"https:\/\/go-hurghada.net\/wp-content\/uploads\/sites\/27\/2023\/07\/coucher-soleil-desert-excursion-quad.jpg\" alt=\"Sonnenuntergang in der W\u00fcste w\u00e4hrend des Quad-Ausflugs\" class=\"wp-image-1008\" srcset=\"https:\/\/go-hurghada.net\/wp-content\/uploads\/sites\/27\/2023\/07\/coucher-soleil-desert-excursion-quad.jpg 1200w, https:\/\/go-hurghada.net\/wp-content\/uploads\/sites\/27\/2023\/07\/coucher-soleil-desert-excursion-quad-500x333.jpg 500w, https:\/\/go-hurghada.net\/wp-content\/uploads\/sites\/27\/2023\/07\/coucher-soleil-desert-excursion-quad-768x512.jpg 768w, https:\/\/go-hurghada.net\/wp-content\/uploads\/sites\/27\/2023\/07\/coucher-soleil-desert-excursion-quad-1024x683.jpg 1024w\" sizes=\"auto, (max-width: 1200px) 100vw, 1200px\" \/><\/figure>\n\n\n\n<figure class=\"wp-block-image size-full\"><img loading=\"lazy\" decoding=\"async\" width=\"1200\" height=\"800\" data-id=\"1982\" src=\"https:\/\/go-hurghada.net\/wp-content\/uploads\/sites\/27\/2023\/07\/vue-sur-jetee-orange-bay-hurghada.jpg\" alt=\"Blick auf den Orange Bay Pier in Hurghada\" class=\"wp-image-1982\" srcset=\"https:\/\/go-hurghada.net\/wp-content\/uploads\/sites\/27\/2023\/07\/vue-sur-jetee-orange-bay-hurghada.jpg 1200w, https:\/\/go-hurghada.net\/wp-content\/uploads\/sites\/27\/2023\/07\/vue-sur-jetee-orange-bay-hurghada-500x333.jpg 500w, https:\/\/go-hurghada.net\/wp-content\/uploads\/sites\/27\/2023\/07\/vue-sur-jetee-orange-bay-hurghada-768x512.jpg 768w, https:\/\/go-hurghada.net\/wp-content\/uploads\/sites\/27\/2023\/07\/vue-sur-jetee-orange-bay-hurghada-1024x683.jpg 1024w\" sizes=\"auto, (max-width: 1200px) 100vw, 1200px\" \/><\/figure>\n\n\n\n<figure class=\"wp-block-image size-full\"><img loading=\"lazy\" decoding=\"async\" width=\"1200\" height=\"800\" data-id=\"1873\" src=\"https:\/\/go-hurghada.net\/wp-content\/uploads\/sites\/27\/2023\/07\/rue-centre-historique-hurghada.jpg\" alt=\"Stra\u00dfe im historischen Zentrum von Hurghada\" class=\"wp-image-1873\" srcset=\"https:\/\/go-hurghada.net\/wp-content\/uploads\/sites\/27\/2023\/07\/rue-centre-historique-hurghada.jpg 1200w, https:\/\/go-hurghada.net\/wp-content\/uploads\/sites\/27\/2023\/07\/rue-centre-historique-hurghada-500x333.jpg 500w, https:\/\/go-hurghada.net\/wp-content\/uploads\/sites\/27\/2023\/07\/rue-centre-historique-hurghada-768x512.jpg 768w, https:\/\/go-hurghada.net\/wp-content\/uploads\/sites\/27\/2023\/07\/rue-centre-historique-hurghada-1024x683.jpg 1024w\" sizes=\"auto, (max-width: 1200px) 100vw, 1200px\" \/><\/figure>\n<\/figure>\n\n\n\n<p>Mit 4000 Sonnenstunden pro Jahr <strong>scheint<\/strong> die <strong>Sonne<\/strong> die meiste <strong>Zeit des Jahres<\/strong>. Zwischendurch gibt es Sandst\u00fcrme und einen bew\u00f6lkten Himmel. Regenf\u00e4lle sind selten: In Hurghada regnet es fast nie, mit einigen Ausnahmen im September, Oktober und Mai. Die W\u00fcste ist windig und angenehm.   <\/p>\n\n\n\n<h2 class=\"wp-block-heading\" id=\"k-affluence\">Touristenstr\u00f6me<\/h2>\n\n\n\n<p>Wenn Sie sich fragen, wann Sie nach Hurghada reisen sollten, m\u00fcssen Sie auch die Touristenstr\u00f6me ber\u00fccksichtigen, die sich haupts\u00e4chlich <strong>von April bis Oktober<\/strong> erstrecken. Die meisten Besucher kommen im Dezember. <\/p>\n\n\n\n<p>Insgesamt <strong>kommen die Touristen<\/strong> wegen der vielen Sonnenstunden das <strong>ganze Jahr \u00fcber<\/strong>. Die st\u00e4rksten Monate sind Juli und August. Wenn es Ihnen m\u00f6glich ist, au\u00dferhalb der Schulferien zu kommen, empfehlen wir Ihnen dies sehr.    <\/p>\n\n\n\n<figure class=\"wp-block-gallery has-nested-images columns-default is-cropped wp-block-gallery-2 is-layout-flex wp-block-gallery-is-layout-flex\">\n<figure class=\"wp-block-image size-full\"><img loading=\"lazy\" decoding=\"async\" width=\"1200\" height=\"800\" data-id=\"2537\" src=\"https:\/\/go-hurghada.net\/wp-content\/uploads\/sites\/27\/2023\/08\/artere-routiere-centre-ville-hurghada.jpg\" alt=\"Hauptverkehrsstra\u00dfe im Stadtzentrum von Hurghada\" class=\"wp-image-2537\" srcset=\"https:\/\/go-hurghada.net\/wp-content\/uploads\/sites\/27\/2023\/08\/artere-routiere-centre-ville-hurghada.jpg 1200w, https:\/\/go-hurghada.net\/wp-content\/uploads\/sites\/27\/2023\/08\/artere-routiere-centre-ville-hurghada-500x333.jpg 500w, https:\/\/go-hurghada.net\/wp-content\/uploads\/sites\/27\/2023\/08\/artere-routiere-centre-ville-hurghada-768x512.jpg 768w, https:\/\/go-hurghada.net\/wp-content\/uploads\/sites\/27\/2023\/08\/artere-routiere-centre-ville-hurghada-1024x683.jpg 1024w\" sizes=\"auto, (max-width: 1200px) 100vw, 1200px\" \/><\/figure>\n\n\n\n<figure class=\"wp-block-image size-full\"><img loading=\"lazy\" decoding=\"async\" width=\"1200\" height=\"800\" data-id=\"2114\" src=\"https:\/\/go-hurghada.net\/wp-content\/uploads\/sites\/27\/2023\/07\/bateaux-quai-excursion-orange-bay.jpg\" alt=\"Boote am Kai f\u00fcr den Ausflug Orange Bay\" class=\"wp-image-2114\" srcset=\"https:\/\/go-hurghada.net\/wp-content\/uploads\/sites\/27\/2023\/07\/bateaux-quai-excursion-orange-bay.jpg 1200w, https:\/\/go-hurghada.net\/wp-content\/uploads\/sites\/27\/2023\/07\/bateaux-quai-excursion-orange-bay-500x333.jpg 500w, https:\/\/go-hurghada.net\/wp-content\/uploads\/sites\/27\/2023\/07\/bateaux-quai-excursion-orange-bay-768x512.jpg 768w, https:\/\/go-hurghada.net\/wp-content\/uploads\/sites\/27\/2023\/07\/bateaux-quai-excursion-orange-bay-1024x683.jpg 1024w\" sizes=\"auto, (max-width: 1200px) 100vw, 1200px\" \/><\/figure>\n<\/figure>\n\n\n\n<p>Wenn Sie im Sommer w\u00e4hrend der Hauptreisezeit buchen m\u00f6chten, empfehlen wir Ihnen, fr\u00fchzeitig zu buchen, da die Nachfrage hoch ist.  <\/p>\n\n\n\n<p>Um den Andrang zu vermeiden und trotzdem die W\u00e4rme zu genie\u00dfen, sollten Sie <strong>den Fr\u00fchling oder Herbst bevorzugen<\/strong>. F\u00fcr weitere Informationen \u00fcber die Buchung eines <a href=\"https:\/\/go-hurghada.net\/de\/welcher-flug-nach-hurghada\/\" data-type=\"page\" data-id=\"89\">Flugtickets nach Hurghada<\/a> besuchen Sie bitte unseren speziellen Reisef\u00fchrer.<\/p>\n\n\n\n<h2 class=\"wp-block-heading\" id=\"k-ramadan\">Der Ramadan ist ein weiterer Faktor bei der Entscheidung, wann Sie nach Hurghada reisen sollten.<\/h2>\n\n\n\n<p>Der Ramadan, eine <strong>Fastenzeit<\/strong> und eine der f\u00fcnf S\u00e4ulen des Islam, ist in \u00c4gypten wie in den meisten L\u00e4ndern des Magreb und des Nahen und Mittleren Ostens verbreitet. Einen Monat im Jahr widmen sich die Muslime dem<strong> &#8222;heiligen Monat par excellence&#8220;, in dem<\/strong> das Gebet im Vordergrund steht. <\/p>\n\n\n\n<p>Dieses Ereignis findet immer im neunten Monat des Hedschra-Kalenders statt. Dieser basiert auf dem Mondkalender, um die Fastenzeiten zu bestimmen. Daher \u00e4ndern sich die Fastenzeiten jedes Jahr und beeinflussen den Zeitpunkt der Reise nach Hurghada.  <\/p>\n\n\n\n<figure class=\"wp-block-gallery has-nested-images columns-default is-cropped wp-block-gallery-3 is-layout-flex wp-block-gallery-is-layout-flex\">\n<figure class=\"wp-block-image size-full\"><img loading=\"lazy\" decoding=\"async\" width=\"1200\" height=\"800\" data-id=\"1258\" src=\"https:\/\/go-hurghada.net\/wp-content\/uploads\/sites\/27\/2023\/07\/enceinte-mosquee-hurghada.jpg\" alt=\"Umfriedung der Moschee in Hurghada\" class=\"wp-image-1258\" srcset=\"https:\/\/go-hurghada.net\/wp-content\/uploads\/sites\/27\/2023\/07\/enceinte-mosquee-hurghada.jpg 1200w, https:\/\/go-hurghada.net\/wp-content\/uploads\/sites\/27\/2023\/07\/enceinte-mosquee-hurghada-500x333.jpg 500w, https:\/\/go-hurghada.net\/wp-content\/uploads\/sites\/27\/2023\/07\/enceinte-mosquee-hurghada-768x512.jpg 768w, https:\/\/go-hurghada.net\/wp-content\/uploads\/sites\/27\/2023\/07\/enceinte-mosquee-hurghada-1024x683.jpg 1024w\" sizes=\"auto, (max-width: 1200px) 100vw, 1200px\" \/><\/figure>\n\n\n\n<figure class=\"wp-block-image size-full\"><img loading=\"lazy\" decoding=\"async\" width=\"1200\" height=\"800\" data-id=\"1269\" src=\"https:\/\/go-hurghada.net\/wp-content\/uploads\/sites\/27\/2023\/07\/visite-guidee-dans-salle-priere-mosquee-hurghada.jpg\" alt=\"Gef\u00fchrte Tour durch den Gebetsraum der Moschee von Hurghada\" class=\"wp-image-1269\" srcset=\"https:\/\/go-hurghada.net\/wp-content\/uploads\/sites\/27\/2023\/07\/visite-guidee-dans-salle-priere-mosquee-hurghada.jpg 1200w, https:\/\/go-hurghada.net\/wp-content\/uploads\/sites\/27\/2023\/07\/visite-guidee-dans-salle-priere-mosquee-hurghada-500x333.jpg 500w, https:\/\/go-hurghada.net\/wp-content\/uploads\/sites\/27\/2023\/07\/visite-guidee-dans-salle-priere-mosquee-hurghada-768x512.jpg 768w, https:\/\/go-hurghada.net\/wp-content\/uploads\/sites\/27\/2023\/07\/visite-guidee-dans-salle-priere-mosquee-hurghada-1024x683.jpg 1024w\" sizes=\"auto, (max-width: 1200px) 100vw, 1200px\" \/><\/figure>\n\n\n\n<figure class=\"wp-block-image size-full\"><img loading=\"lazy\" decoding=\"async\" width=\"1200\" height=\"800\" data-id=\"1266\" src=\"https:\/\/go-hurghada.net\/wp-content\/uploads\/sites\/27\/2023\/07\/pratiquant-mosquee-hurghada.jpg\" alt=\"Praktizierender in der Moschee von Hurghada\" class=\"wp-image-1266\" srcset=\"https:\/\/go-hurghada.net\/wp-content\/uploads\/sites\/27\/2023\/07\/pratiquant-mosquee-hurghada.jpg 1200w, https:\/\/go-hurghada.net\/wp-content\/uploads\/sites\/27\/2023\/07\/pratiquant-mosquee-hurghada-500x333.jpg 500w, https:\/\/go-hurghada.net\/wp-content\/uploads\/sites\/27\/2023\/07\/pratiquant-mosquee-hurghada-768x512.jpg 768w, https:\/\/go-hurghada.net\/wp-content\/uploads\/sites\/27\/2023\/07\/pratiquant-mosquee-hurghada-1024x683.jpg 1024w\" sizes=\"auto, (max-width: 1200px) 100vw, 1200px\" \/><\/figure>\n<\/figure>\n\n\n\n<p>Erkundigen Sie sich daher im Voraus nach den Daten und planen Sie Ihren Aufenthalt entsprechend. Beachten Sie, dass die Atmosph\u00e4re w\u00e4hrend dieser Zeit nicht die gleiche ist, da die <strong>Stra\u00dfen tags\u00fcber fast leer sind<\/strong> und die meisten Restaurants und Gesch\u00e4fte geschlossen sind. Aber keine Sorge, Sie werden immer etwas zu essen finden!  <\/p>\n\n\n\n<p>Aus Respekt sollten Sie es jedoch vermeiden, auf der Stra\u00dfe zu essen. In den All-Inclusive-Hotels gibt es immer ein Buffet. Es gibt weiterhin Ausfl\u00fcge f\u00fcr Touristen, auch wenn einige nur am Vormittag stattfinden.  <\/p>\n\n\n\n<p>Obwohl wir diese Zeit nicht empfehlen, um die Stadt zu erkunden, ist sie eine gute Alternative, wenn Sie <strong>im gleichen Rhythmus wie die Einheimischen leben<\/strong> m\u00f6chten. Es ist eine gute Gelegenheit, am Abend das Iftar zu feiern, die erste Mahlzeit des Tages, die in den meisten Restaurants serviert wird. <\/p>\n\n\n\n<figure class=\"wp-block-gallery has-nested-images columns-default is-cropped wp-block-gallery-4 is-layout-flex wp-block-gallery-is-layout-flex\">\n<figure class=\"wp-block-image size-full\"><img loading=\"lazy\" decoding=\"async\" width=\"1200\" height=\"800\" data-id=\"3268\" src=\"https:\/\/go-hurghada.net\/wp-content\/uploads\/sites\/27\/2023\/09\/avenue-nord-ville-hurghada.jpg\" alt=\"Allee im Norden der Stadt Hurghada\" class=\"wp-image-3268\" srcset=\"https:\/\/go-hurghada.net\/wp-content\/uploads\/sites\/27\/2023\/09\/avenue-nord-ville-hurghada.jpg 1200w, https:\/\/go-hurghada.net\/wp-content\/uploads\/sites\/27\/2023\/09\/avenue-nord-ville-hurghada-500x333.jpg 500w, https:\/\/go-hurghada.net\/wp-content\/uploads\/sites\/27\/2023\/09\/avenue-nord-ville-hurghada-768x512.jpg 768w, https:\/\/go-hurghada.net\/wp-content\/uploads\/sites\/27\/2023\/09\/avenue-nord-ville-hurghada-1024x683.jpg 1024w\" sizes=\"auto, (max-width: 1200px) 100vw, 1200px\" \/><\/figure>\n\n\n\n<figure class=\"wp-block-image size-full\"><img loading=\"lazy\" decoding=\"async\" width=\"1200\" height=\"800\" data-id=\"2555\" src=\"https:\/\/go-hurghada.net\/wp-content\/uploads\/sites\/27\/2023\/08\/promenade-marina-restaurants-hurghada.jpg\" alt=\"Spaziergang durch den Jachthafen mit seinen Restaurants in Hurghada\" class=\"wp-image-2555\" srcset=\"https:\/\/go-hurghada.net\/wp-content\/uploads\/sites\/27\/2023\/08\/promenade-marina-restaurants-hurghada.jpg 1200w, https:\/\/go-hurghada.net\/wp-content\/uploads\/sites\/27\/2023\/08\/promenade-marina-restaurants-hurghada-500x333.jpg 500w, https:\/\/go-hurghada.net\/wp-content\/uploads\/sites\/27\/2023\/08\/promenade-marina-restaurants-hurghada-768x512.jpg 768w, https:\/\/go-hurghada.net\/wp-content\/uploads\/sites\/27\/2023\/08\/promenade-marina-restaurants-hurghada-1024x683.jpg 1024w\" sizes=\"auto, (max-width: 1200px) 100vw, 1200px\" \/><\/figure>\n\n\n\n<figure class=\"wp-block-image size-full\"><img loading=\"lazy\" decoding=\"async\" width=\"1200\" height=\"800\" data-id=\"2280\" src=\"https:\/\/go-hurghada.net\/wp-content\/uploads\/sites\/27\/2023\/07\/vue-sur-complexe-hotelier-tout-compris-hurghada.jpg\" alt=\"Blick auf den All-Inclusive-Hotelkomplex in Hurghada\" class=\"wp-image-2280\" srcset=\"https:\/\/go-hurghada.net\/wp-content\/uploads\/sites\/27\/2023\/07\/vue-sur-complexe-hotelier-tout-compris-hurghada.jpg 1200w, https:\/\/go-hurghada.net\/wp-content\/uploads\/sites\/27\/2023\/07\/vue-sur-complexe-hotelier-tout-compris-hurghada-500x333.jpg 500w, https:\/\/go-hurghada.net\/wp-content\/uploads\/sites\/27\/2023\/07\/vue-sur-complexe-hotelier-tout-compris-hurghada-768x512.jpg 768w, https:\/\/go-hurghada.net\/wp-content\/uploads\/sites\/27\/2023\/07\/vue-sur-complexe-hotelier-tout-compris-hurghada-1024x683.jpg 1024w\" sizes=\"auto, (max-width: 1200px) 100vw, 1200px\" \/><\/figure>\n<\/figure>\n\n<\/div><\/div>\n\n<div class=\"gb-container gb-container-47ef3647 ksection\"><div class=\"gb-inside-container\">\n\n<p>Wann Sie nach Hurghada reisen sollten, h\u00e4ngt von den Temperaturen ab, die Sie erwarten, aber auch von der Anzahl der Touristen. Wir empfehlen Ihnen, den Fr\u00fchling zu bevorzugen, d.h. die <strong>Monate April, Mai, Juni und September,<\/strong> wobei Sie auf die Daten des Ramadan achten sollten.   <\/p>\n\n<\/div><\/div>","protected":false},"excerpt":{"rendered":"<p>Wann ist die beste Reisezeit f\u00fcr Hurghada? Der Badeort Hurghada, der in \u00c4gypten am Roten Meer liegt, ist f\u00fcr sein sonniges Klima bekannt. Das Wetter ist das ganze Jahr \u00fcber sch\u00f6n und warm, ideal f\u00fcr einen angenehmen Aufenthalt am Meer. Aber bevor Sie Ihre Reise planen, sollten Sie wissen, wann ist die beste Reisezeit f\u00fcr &#8230; <a title=\"Wann ist die beste Reisezeit f\u00fcr Hurghada?\" class=\"read-more\" href=\"https:\/\/go-hurghada.net\/de\/wann-beste-reisezeit-hurghada\/\" aria-label=\"Mehr zu Wann ist die beste Reisezeit f\u00fcr Hurghada?\">Weiterlesen &#8230;<\/a><\/p>\n","protected":false},"author":21,"featured_media":0,"parent":0,"menu_order":0,"comment_status":"closed","ping_status":"closed","template":"","meta":{"footnotes":""},"class_list":{"0":"post-4393","1":"page","2":"type-page","3":"status-publish","5":"no-featured-image-padding"},"_links":{"self":[{"href":"https:\/\/go-hurghada.net\/de\/wp-json\/wp\/v2\/pages\/4393","targetHints":{"allow":["GET"]}}],"collection":[{"href":"https:\/\/go-hurghada.net\/de\/wp-json\/wp\/v2\/pages"}],"about":[{"href":"https:\/\/go-hurghada.net\/de\/wp-json\/wp\/v2\/types\/page"}],"author":[{"embeddable":true,"href":"https:\/\/go-hurghada.net\/de\/wp-json\/wp\/v2\/users\/21"}],"replies":[{"embeddable":true,"href":"https:\/\/go-hurghada.net\/de\/wp-json\/wp\/v2\/comments?post=4393"}],"version-history":[{"count":3,"href":"https:\/\/go-hurghada.net\/de\/wp-json\/wp\/v2\/pages\/4393\/revisions"}],"predecessor-version":[{"id":4532,"href":"https:\/\/go-hurghada.net\/de\/wp-json\/wp\/v2\/pages\/4393\/revisions\/4532"}],"wp:attachment":[{"href":"https:\/\/go-hurghada.net\/de\/wp-json\/wp\/v2\/media?parent=4393"}],"curies":[{"name":"wp","href":"https:\/\/api.w.org\/{rel}","templated":true}]}}